{"id":2621,"date":"2023-04-25T15:55:59","date_gmt":"2023-04-25T15:55:59","guid":{"rendered":"http:\/\/arroyointerioristas.test\/pribatutasun-politika\/"},"modified":"2023-10-27T11:53:34","modified_gmt":"2023-10-27T11:53:34","slug":"pribatutasun-politika","status":"publish","type":"page","link":"https:\/\/arroyointerioristas.com\/eu\/pribatutasun-politika\/","title":{"rendered":"Pribatutasun politika"},"content":{"rendered":"<p>[et_pb_section fb_built=&#8221;1&#8243; _builder_version=&#8221;4.20.4&#8243; _module_preset=&#8221;default&#8221; use_background_color_gradient=&#8221;on&#8221; background_color_gradient_direction=&#8221;360deg&#8221; background_color_gradient_stops=&#8221;#ffffff 1%|rgba(255,255,255,0) 100%&#8221; background_image=&#8221;https:\/\/arroyointerioristas.com\/wp-content\/uploads\/2023\/04\/hostel_49.png&#8221; background_enable_image=&#8221;on&#8221; parallax=&#8221;off&#8221; background_blend=&#8221;lighten&#8221; custom_padding=&#8221;3.1%||8px||false|false&#8221; global_colors_info=&#8221;{}&#8221;][et_pb_row _builder_version=&#8221;4.20.4&#8243; _module_preset=&#8221;default&#8221; global_colors_info=&#8221;{}&#8221;][et_pb_column type=&#8221;4_4&#8243; _builder_version=&#8221;4.20.4&#8243; _module_preset=&#8221;default&#8221; global_colors_info=&#8221;{}&#8221;][et_pb_text _builder_version=&#8221;4.20.4&#8243; _module_preset=&#8221;b327cbe4-b1d5-4b66-ad37-40c8f2f061ba&#8221; header_font=&#8221;Manrope|700|||||||&#8221; header_font_size=&#8221;35px&#8221; header_2_font=&#8221;Manrope|700|||||||&#8221; header_2_text_color=&#8221;#000000&#8243; header_2_font_size=&#8221;48px&#8221; header_2_line_height=&#8221;1.2em&#8221; animation_direction=&#8221;top&#8221; hover_enabled=&#8221;0&#8243; header_2_font_size_tablet=&#8221;32px&#8221; header_2_font_size_phone=&#8221;20px&#8221; header_2_font_size_last_edited=&#8221;on|desktop&#8221; global_colors_info=&#8221;{}&#8221; sticky_enabled=&#8221;0&#8243;]<\/p>\n<h1 style=\"text-align: center;\"><span style=\"color: #951e25;\">P<\/span><span style=\"color: #0a0909;\">RIBATUTASUN POLITIK<\/span><span style=\"color: #1e89ad;\">A<\/span><\/h1>\n<p>[\/et_pb_text][\/et_pb_column][\/et_pb_row][\/et_pb_section][et_pb_section fb_built=&#8221;1&#8243; admin_label=&#8221;About&#8221; _builder_version=&#8221;4.20.4&#8243; _module_preset=&#8221;default&#8221; parallax=&#8221;off&#8221; background_position=&#8221;bottom_left&#8221; background_blend=&#8221;lighten&#8221; custom_padding=&#8221;0%||||false|false&#8221; global_colors_info=&#8221;{}&#8221;][et_pb_row _builder_version=&#8221;4.20.4&#8243; _module_preset=&#8221;default&#8221; custom_padding=&#8221;56px|||||&#8221; global_colors_info=&#8221;{}&#8221;][et_pb_column type=&#8221;4_4&#8243; _builder_version=&#8221;4.20.4&#8243; _module_preset=&#8221;default&#8221; global_colors_info=&#8221;{}&#8221;][et_pb_text _builder_version=&#8221;4.20.4&#8243; _module_preset=&#8221;default&#8221; text_font_size=&#8221;16px&#8221; header_2_font=&#8221;|||on|||||&#8221; header_2_text_color=&#8221;#951E25&#8243; text_orientation=&#8221;justified&#8221; global_colors_info=&#8221;{}&#8221;]<\/p>\n<p style=\"text-align: justify;\"><span>Arroyo Arquitectura &amp; Interior, S.L. (aurrerantzean Arroyo Interioristas), B01543024 IFK duena eta helbidea Gasteizko Teodoro Dublang pintorearen kaleko 17an duena, webgune honen administratzaile gisa, bere webgunera sartzen diren erabiltzaileen datu pertsonalak kudeatzeaz arduratzen den erakundea da.<\/span><\/p>\n<p style=\"text-align: justify;\"><span>Datu Pertsonalak Babesteari buruzko 15\/1999 Lege Organikoan xedatutakoa betez, Arroyo Interioristasek jakinarazten dizu jakinarazten dizkigun datu pertsonalak fitxategi automatizatuetan sartuko direla, horiek tratatzeko. Fitxategi horiek Datuak Babesteko Espainiako Bulegoan inskribatuta daude. Datu horiek bildu eta tratatzearen helburua da zure kontsultari erantzutea eta gure zerbitzu, eskaintza eta sustapenen berri ematea, hala adierazten badigu.<\/span><\/p>\n<p style=\"text-align: justify;\"><span>Arroyo Interioristas enpresak konpromisoa hartzen du emandako datu pertsonalak isilpean gordetzeko duen betebeharra betetzeko eta datu horiek konfidentzialtasunez eta isilpean tratatzeko, indarrean dagoen legeriaren arabera. Horretarako, beharrezko neurriak hartuko ditu baimenik gabe ez aldatzeko, ez galtzeko, ez tratatzeko edo sartzeko.<\/span><\/p>\n<p style=\"text-align: justify;\"><span>Era berean, jakinarazten dizugu, nahi izanez gero, datuetara sartzeko, datuak ezerezteko, zuzentzeko eta aurka egiteko eskubideak erabil ditzakezula gure web-orriko harremanetarako formularioaren bidez. Horretarako, DBLOko gai gisa adierazi behar duzu zure izen osoa, posta elektronikoko helbidea eta iruzkinak eremuan zure NANa eta erabili nahi duzun eskubide mota, Sarbidea, Zuzenketa, Baliogabetzea edo Aurka egitea, edo Gure zerbitzu, eskaintza eta sustapenei buruzko informazioa jasotzeari uztea.<\/span><\/p>\n<h2 style=\"text-align: justify;\"><strong>Pribatutasun-politikaren aldaketak<\/strong><\/h2>\n<p style=\"text-align: justify;\"><span>Pribatutasun-politika hori aldatu egingo da, beharrezkoa bada, gure web orrian datuak babesteko garrantzitsuak diren aldaketak jakinarazteko, edo indarrean dauden lege-baldintzak betetzeko.<\/span><\/p>\n<p>[\/et_pb_text][\/et_pb_column][\/et_pb_row][\/et_pb_section]<\/p>\n","protected":false},"excerpt":{"rendered":"<p>PRIBATUTASUN POLITIKAArroyo Arquitectura &amp; Interior, S.L. (aurrerantzean Arroyo Interioristas), B01543024 IFK duena eta helbidea Gasteizko Teodoro Dublang pintorearen kaleko 17an duena, webgune honen administratzaile gisa, bere webgunera sartzen diren erabiltzaileen datu pertsonalak kudeatzeaz arduratzen den erakundea da. Datu Pertsonalak Babesteari buruzko 15\/1999 Lege Organikoan xedatutakoa betez, Arroyo Interioristasek jakinarazten dizu jakinarazten dizkigun datu pertsonalak fitxategi [&hellip;]<\/p>\n","protected":false},"author":1,"featured_media":0,"parent":0,"menu_order":0,"comment_status":"closed","ping_status":"closed","template":"","meta":{"_et_pb_use_builder":"on","_et_pb_old_content":"[et_pb_section fb_built=\"1\" _builder_version=\"4.20.4\" _module_preset=\"default\" use_background_color_gradient=\"on\" background_color_gradient_direction=\"360deg\" background_color_gradient_stops=\"#ffffff 1%|rgba(255,255,255,0) 100%\" background_image=\"https:\/\/arroyointerioristas.com\/wp-content\/uploads\/2023\/04\/hostel_49.png\" background_enable_image=\"on\" parallax=\"off\" background_blend=\"lighten\" custom_padding=\"3.1%||77px||false|false\" global_colors_info=\"{}\" theme_builder_area=\"post_content\"][et_pb_row _builder_version=\"4.20.4\" _module_preset=\"default\" global_colors_info=\"{}\" theme_builder_area=\"post_content\"][et_pb_column type=\"4_4\" _builder_version=\"4.20.4\" _module_preset=\"default\" global_colors_info=\"{}\" theme_builder_area=\"post_content\"][et_pb_text _builder_version=\"4.20.4\" _module_preset=\"b327cbe4-b1d5-4b66-ad37-40c8f2f061ba\" header_font=\"Manrope|700|||||||\" header_font_size=\"48px\" header_2_font=\"Manrope|700|||||||\" header_2_text_color=\"#000000\" header_2_font_size=\"48px\" header_2_line_height=\"1.2em\" animation_direction=\"top\" header_2_font_size_tablet=\"32px\" header_2_font_size_phone=\"20px\" header_2_font_size_last_edited=\"on|desktop\" global_colors_info=\"{}\" theme_builder_area=\"post_content\"]\n<h1 style=\"text-align: center;\"><span style=\"color: #951e25;\">P<\/span><span style=\"color: #0a0909;\">OL\u00cdTICA DE PRIVACIDA<\/span><span style=\"color: #1e89ad;\">D<\/span><\/h1>\n[\/et_pb_text][\/et_pb_column][\/et_pb_row][\/et_pb_section][et_pb_section fb_built=\"1\" admin_label=\"About\" _builder_version=\"4.20.4\" _module_preset=\"default\" parallax=\"off\" background_position=\"bottom_left\" background_blend=\"lighten\" custom_padding=\"0%||||false|false\" global_colors_info=\"{}\" theme_builder_area=\"post_content\"][et_pb_row _builder_version=\"4.20.4\" _module_preset=\"default\" custom_padding=\"56px|||||\" global_colors_info=\"{}\" theme_builder_area=\"post_content\"][et_pb_column type=\"4_4\" _builder_version=\"4.20.4\" _module_preset=\"default\" global_colors_info=\"{}\" theme_builder_area=\"post_content\"][et_pb_text _builder_version=\"4.20.4\" _module_preset=\"default\" text_font_size=\"16px\" header_2_font=\"|||on|||||\" header_2_text_color=\"#951E25\" text_orientation=\"justified\" hover_enabled=\"0\" global_colors_info=\"{}\" theme_builder_area=\"post_content\" sticky_enabled=\"0\"]\n\nArroyo Arquitectura &amp; Interior, S.L. (en adelante Arroyo Interioristas), con CIF B01543024 y domicilio en calle Pintor Teodoro Dublang, 17 bajo de Vitoria-Gasteiz como administradora de este sitio web, es la entidad responsable de la gesti\u00f3n de los datos personales de los usuarios que acceden a su p\u00e1gina web.\n\nEn cumplimiento de lo dispuesto en la Ley Org\u00e1nica 15\/1999 de Protecci\u00f3n de Datos de Car\u00e1cter Personal, Arroyo Interioristas le informa que los datos personales que nos comunica van a ser incorporados a ficheros automatizados para su tratamiento, dichos ficheros est\u00e1n inscritos en la Agencia Espa\u00f1ola de Protecci\u00f3n de Datos. La recogida y tratamiento de dichos datos tienen como finalidad dar respuesta a su consulta y mantenerle informado de nuestros servicios, ofertas y promociones si as\u00ed nos lo indica.\n\nArroyo Interioristas se compromete al cumplimiento de su obligaci\u00f3n de secreto con respecto a los datos de car\u00e1cter personal suministrados y al deber de tratarlos con confidencialidad y reserva, conforme a la legislaci\u00f3n vigente. A estos efectos adoptar\u00e1 las medidas necesarias para evitar su alteraci\u00f3n, p\u00e9rdida, tratamiento o acceso no autorizado.\n\nAs\u00ed mismo se le informa que, si lo desea puede ejercitar sus derechos de acceso, cancelaci\u00f3n, rectificaci\u00f3n y oposici\u00f3n a trav\u00e9s del formulario de contacto de nuestra p\u00e1gina web, indicando como asunto LOPD e indicando su nombre completo, direcci\u00f3n de correo electr\u00f3nico, y en el campo comentarios su DNI y el tipo de derecho que desea ejercitar, Acceso, Rectificaci\u00f3n, Cancelaci\u00f3n u Oposici\u00f3n, o Dejar de Recibir Informaci\u00f3n de nuestros servicios, ofertas y promociones.\n\n&nbsp;\n<h2><strong>Modificaciones en la Pol\u00edtica de Privacidad <\/strong><\/h2>\nEsta Pol\u00edtica de Privacidad ser\u00e1 modificada, si es necesario, para comunicar cambios en nuestra p\u00e1gina web que sean de relevancia para la protecci\u00f3n de datos, o para cumplir los requisitos legales vigentes.\n\n[\/et_pb_text][\/et_pb_column][\/et_pb_row][\/et_pb_section]","_et_gb_content_width":"1080","footnotes":""},"yoast_head":"<!-- This site is optimized with the Yoast SEO plugin v20.5 - https:\/\/yoast.com\/wordpress\/plugins\/seo\/ -->\n<title>Pribatutasun politika - Arroyo Interioristas<\/title>\n<meta name=\"robots\" content=\"index, follow, max-snippet:-1, max-image-preview:large, max-video-preview:-1\" \/>\n<link rel=\"canonical\" href=\"https:\/\/arroyointerioristas.com\/eu\/pribatutasun-politika\/\" \/>\n<meta property=\"og:locale\" content=\"eu_ES\" \/>\n<meta property=\"og:type\" content=\"article\" \/>\n<meta property=\"og:title\" content=\"Pribatutasun politika - Arroyo Interioristas\" \/>\n<meta property=\"og:description\" content=\"PRIBATUTASUN POLITIKAArroyo Arquitectura &amp; Interior, S.L. (aurrerantzean Arroyo Interioristas), B01543024 IFK duena eta helbidea Gasteizko Teodoro Dublang pintorearen kaleko 17an duena, webgune honen administratzaile gisa, bere webgunera sartzen diren erabiltzaileen datu pertsonalak kudeatzeaz arduratzen den erakundea da. Datu Pertsonalak Babesteari buruzko 15\/1999 Lege Organikoan xedatutakoa betez, Arroyo Interioristasek jakinarazten dizu jakinarazten dizkigun datu pertsonalak fitxategi [&hellip;]\" \/>\n<meta property=\"og:url\" content=\"https:\/\/arroyointerioristas.com\/eu\/pribatutasun-politika\/\" \/>\n<meta property=\"og:site_name\" content=\"Arroyo Interioristas\" \/>\n<meta property=\"article:publisher\" content=\"https:\/\/www.facebook.com\/arroyoarquitecturainterior\" \/>\n<meta property=\"article:modified_time\" content=\"2023-10-27T11:53:34+00:00\" \/>\n<meta name=\"twitter:card\" content=\"summary_large_image\" \/>\n<meta name=\"twitter:label1\" content=\"Est. reading time\" \/>\n\t<meta name=\"twitter:data1\" content=\"2 minutes\" \/>\n<script type=\"application\/ld+json\" class=\"yoast-schema-graph\">{\"@context\":\"https:\/\/schema.org\",\"@graph\":[{\"@type\":\"WebPage\",\"@id\":\"https:\/\/arroyointerioristas.com\/eu\/pribatutasun-politika\/\",\"url\":\"https:\/\/arroyointerioristas.com\/eu\/pribatutasun-politika\/\",\"name\":\"Pribatutasun politika - Arroyo Interioristas\",\"isPartOf\":{\"@id\":\"https:\/\/arroyointerioristas.com\/#website\"},\"datePublished\":\"2023-04-25T15:55:59+00:00\",\"dateModified\":\"2023-10-27T11:53:34+00:00\",\"breadcrumb\":{\"@id\":\"https:\/\/arroyointerioristas.com\/eu\/pribatutasun-politika\/#breadcrumb\"},\"inLanguage\":\"eu-ES\",\"potentialAction\":[{\"@type\":\"ReadAction\",\"target\":[\"https:\/\/arroyointerioristas.com\/eu\/pribatutasun-politika\/\"]}]},{\"@type\":\"BreadcrumbList\",\"@id\":\"https:\/\/arroyointerioristas.com\/eu\/pribatutasun-politika\/#breadcrumb\",\"itemListElement\":[{\"@type\":\"ListItem\",\"position\":1,\"name\":\"Home\",\"item\":\"https:\/\/arroyointerioristas.com\/eu\/\"},{\"@type\":\"ListItem\",\"position\":2,\"name\":\"Pribatutasun politika\"}]},{\"@type\":\"WebSite\",\"@id\":\"https:\/\/arroyointerioristas.com\/#website\",\"url\":\"https:\/\/arroyointerioristas.com\/\",\"name\":\"Arroyo Interioristas\",\"description\":\"Interioristas en Vitoria-Gasteiz\",\"publisher\":{\"@id\":\"https:\/\/arroyointerioristas.com\/#organization\"},\"potentialAction\":[{\"@type\":\"SearchAction\",\"target\":{\"@type\":\"EntryPoint\",\"urlTemplate\":\"https:\/\/arroyointerioristas.com\/?s={search_term_string}\"},\"query-input\":\"required name=search_term_string\"}],\"inLanguage\":\"eu-ES\"},{\"@type\":\"Organization\",\"@id\":\"https:\/\/arroyointerioristas.com\/#organization\",\"name\":\"Arroyo Interioristas\",\"url\":\"https:\/\/arroyointerioristas.com\/\",\"logo\":{\"@type\":\"ImageObject\",\"inLanguage\":\"eu-ES\",\"@id\":\"https:\/\/arroyointerioristas.com\/#\/schema\/logo\/image\/\",\"url\":\"https:\/\/arroyointerioristas.com\/wp-content\/uploads\/2023\/06\/cropped-logo-ARROYO-150x150-1.jpg\",\"contentUrl\":\"https:\/\/arroyointerioristas.com\/wp-content\/uploads\/2023\/06\/cropped-logo-ARROYO-150x150-1.jpg\",\"width\":512,\"height\":512,\"caption\":\"Arroyo Interioristas\"},\"image\":{\"@id\":\"https:\/\/arroyointerioristas.com\/#\/schema\/logo\/image\/\"},\"sameAs\":[\"https:\/\/www.facebook.com\/arroyoarquitecturainterior\"]}]}<\/script>\n<!-- \/ Yoast SEO plugin. -->","yoast_head_json":{"title":"Pribatutasun politika - Arroyo Interioristas","robots":{"index":"index","follow":"follow","max-snippet":"max-snippet:-1","max-image-preview":"max-image-preview:large","max-video-preview":"max-video-preview:-1"},"canonical":"https:\/\/arroyointerioristas.com\/eu\/pribatutasun-politika\/","og_locale":"eu_ES","og_type":"article","og_title":"Pribatutasun politika - Arroyo Interioristas","og_description":"PRIBATUTASUN POLITIKAArroyo Arquitectura &amp; Interior, S.L. (aurrerantzean Arroyo Interioristas), B01543024 IFK duena eta helbidea Gasteizko Teodoro Dublang pintorearen kaleko 17an duena, webgune honen administratzaile gisa, bere webgunera sartzen diren erabiltzaileen datu pertsonalak kudeatzeaz arduratzen den erakundea da. Datu Pertsonalak Babesteari buruzko 15\/1999 Lege Organikoan xedatutakoa betez, Arroyo Interioristasek jakinarazten dizu jakinarazten dizkigun datu pertsonalak fitxategi [&hellip;]","og_url":"https:\/\/arroyointerioristas.com\/eu\/pribatutasun-politika\/","og_site_name":"Arroyo Interioristas","article_publisher":"https:\/\/www.facebook.com\/arroyoarquitecturainterior","article_modified_time":"2023-10-27T11:53:34+00:00","twitter_card":"summary_large_image","twitter_misc":{"Est. reading time":"2 minutes"},"schema":{"@context":"https:\/\/schema.org","@graph":[{"@type":"WebPage","@id":"https:\/\/arroyointerioristas.com\/eu\/pribatutasun-politika\/","url":"https:\/\/arroyointerioristas.com\/eu\/pribatutasun-politika\/","name":"Pribatutasun politika - Arroyo Interioristas","isPartOf":{"@id":"https:\/\/arroyointerioristas.com\/#website"},"datePublished":"2023-04-25T15:55:59+00:00","dateModified":"2023-10-27T11:53:34+00:00","breadcrumb":{"@id":"https:\/\/arroyointerioristas.com\/eu\/pribatutasun-politika\/#breadcrumb"},"inLanguage":"eu-ES","potentialAction":[{"@type":"ReadAction","target":["https:\/\/arroyointerioristas.com\/eu\/pribatutasun-politika\/"]}]},{"@type":"BreadcrumbList","@id":"https:\/\/arroyointerioristas.com\/eu\/pribatutasun-politika\/#breadcrumb","itemListElement":[{"@type":"ListItem","position":1,"name":"Home","item":"https:\/\/arroyointerioristas.com\/eu\/"},{"@type":"ListItem","position":2,"name":"Pribatutasun politika"}]},{"@type":"WebSite","@id":"https:\/\/arroyointerioristas.com\/#website","url":"https:\/\/arroyointerioristas.com\/","name":"Arroyo Interioristas","description":"Interioristas en Vitoria-Gasteiz","publisher":{"@id":"https:\/\/arroyointerioristas.com\/#organization"},"potentialAction":[{"@type":"SearchAction","target":{"@type":"EntryPoint","urlTemplate":"https:\/\/arroyointerioristas.com\/?s={search_term_string}"},"query-input":"required name=search_term_string"}],"inLanguage":"eu-ES"},{"@type":"Organization","@id":"https:\/\/arroyointerioristas.com\/#organization","name":"Arroyo Interioristas","url":"https:\/\/arroyointerioristas.com\/","logo":{"@type":"ImageObject","inLanguage":"eu-ES","@id":"https:\/\/arroyointerioristas.com\/#\/schema\/logo\/image\/","url":"https:\/\/arroyointerioristas.com\/wp-content\/uploads\/2023\/06\/cropped-logo-ARROYO-150x150-1.jpg","contentUrl":"https:\/\/arroyointerioristas.com\/wp-content\/uploads\/2023\/06\/cropped-logo-ARROYO-150x150-1.jpg","width":512,"height":512,"caption":"Arroyo Interioristas"},"image":{"@id":"https:\/\/arroyointerioristas.com\/#\/schema\/logo\/image\/"},"sameAs":["https:\/\/www.facebook.com\/arroyoarquitecturainterior"]}]}},"_links":{"self":[{"href":"https:\/\/arroyointerioristas.com\/eu\/wp-json\/wp\/v2\/pages\/2621"}],"collection":[{"href":"https:\/\/arroyointerioristas.com\/eu\/wp-json\/wp\/v2\/pages"}],"about":[{"href":"https:\/\/arroyointerioristas.com\/eu\/wp-json\/wp\/v2\/types\/page"}],"author":[{"embeddable":true,"href":"https:\/\/arroyointerioristas.com\/eu\/wp-json\/wp\/v2\/users\/1"}],"replies":[{"embeddable":true,"href":"https:\/\/arroyointerioristas.com\/eu\/wp-json\/wp\/v2\/comments?post=2621"}],"version-history":[{"count":7,"href":"https:\/\/arroyointerioristas.com\/eu\/wp-json\/wp\/v2\/pages\/2621\/revisions"}],"predecessor-version":[{"id":3867,"href":"https:\/\/arroyointerioristas.com\/eu\/wp-json\/wp\/v2\/pages\/2621\/revisions\/3867"}],"wp:attachment":[{"href":"https:\/\/arroyointerioristas.com\/eu\/wp-json\/wp\/v2\/media?parent=2621"}],"curies":[{"name":"wp","href":"https:\/\/api.w.org\/{rel}","templated":true}]}}